{"id":12749,"date":"2024-05-21T13:34:38","date_gmt":"2024-05-21T13:34:38","guid":{"rendered":"https:\/\/leistungszentrum-logistik-it.de\/?page_id=12749"},"modified":"2024-06-04T09:08:41","modified_gmt":"2024-06-04T09:08:41","slug":"smartmess","status":"publish","type":"page","link":"https:\/\/leistungszentrum-logistik-it.de\/en\/smartmess\/","title":{"rendered":"SmartMess"},"content":{"rendered":"<p>[et_pb_section fb_built=&#8221;1&#8243; admin_label=&#8221;Sektion&#8221; module_id=&#8221;aufmacher-sektion&#8221; _builder_version=&#8221;4.17.6&#8243; background_enable_color=&#8221;off&#8221; background_image=&#8221;https:\/\/leistungszentrum-logistik-it.de\/wp-content\/uploads\/2018\/11\/lz_hero_background_2.jpg&#8221; min_height=&#8221;400px&#8221; custom_margin=&#8221;||||false|false&#8221; custom_padding=&#8221;8px||0px||false|false&#8221; da_popup_slug=&#8221;aufmacher-sektion&#8221; da_disable_devices=&#8221;off|off|off&#8221; global_colors_info=&#8221;{}&#8221; da_is_popup=&#8221;off&#8221; da_exit_intent=&#8221;off&#8221; da_has_close=&#8221;on&#8221; da_alt_close=&#8221;off&#8221; da_dark_close=&#8221;off&#8221; da_not_modal=&#8221;on&#8221; da_is_singular=&#8221;off&#8221; da_with_loader=&#8221;off&#8221; da_has_shadow=&#8221;on&#8221;][et_pb_row column_structure=&#8221;2_5,3_5&#8243; _builder_version=&#8221;4.22.2&#8243; _module_preset=&#8221;default&#8221; global_colors_info=&#8221;{}&#8221;][et_pb_column type=&#8221;2_5&#8243; _builder_version=&#8221;4.22.2&#8243; _module_preset=&#8221;default&#8221; global_colors_info=&#8221;{}&#8221;][\/et_pb_column][et_pb_column type=&#8221;3_5&#8243; _builder_version=&#8221;4.22.2&#8243; _module_preset=&#8221;default&#8221; global_colors_info=&#8221;{}&#8221;][\/et_pb_column][\/et_pb_row][et_pb_row make_equal=&#8221;on&#8221; _builder_version=&#8221;4.16&#8243; background_color=&#8221;rgba(255,255,255,0)&#8221; custom_margin=&#8221;|auto|68px|auto|false|false&#8221; custom_padding=&#8221;0|0px|0|0px|false|false&#8221; animation_direction=&#8221;bottom&#8221; locked=&#8221;off&#8221; global_colors_info=&#8221;{}&#8221;][et_pb_column type=&#8221;4_4&#8243; _builder_version=&#8221;4.16&#8243; custom_padding=&#8221;|||&#8221; global_colors_info=&#8221;{}&#8221; custom_padding__hover=&#8221;|||&#8221;][et_pb_text _builder_version=&#8221;4.22.2&#8243; text_font=&#8221;||||||||&#8221; text_font_size=&#8221;18px&#8221; text_line_height=&#8221;1.8em&#8221; header_font=&#8221;||||||||&#8221; header_font_size=&#8221;40px&#8221; header_line_height=&#8221;1.3em&#8221; header_2_font=&#8221;||||||||&#8221; header_2_text_align=&#8221;center&#8221; header_2_text_color=&#8221;#2a4163&#8243; header_2_font_size=&#8221;36px&#8221; header_5_font=&#8221;Lato|300|||||||&#8221; header_5_text_align=&#8221;center&#8221; header_5_font_size=&#8221;18px&#8221; header_5_line_height=&#8221;1.7em&#8221; background_color=&#8221;rgba(255,255,255,0)&#8221; max_width=&#8221;75%&#8221; max_width_tablet=&#8221;100%&#8221; max_width_phone=&#8221;&#8221; max_width_last_edited=&#8221;on|tablet&#8221; min_height=&#8221;68px&#8221; custom_margin=&#8221;30px||10px|||&#8221; animation_style=&#8221;slide&#8221; animation_direction=&#8221;right&#8221; animation_intensity_slide=&#8221;5%&#8221; animation_starting_opacity=&#8221;100%&#8221; header_font_size_tablet=&#8221;&#8221; header_font_size_phone=&#8221;30px&#8221; header_font_size_last_edited=&#8221;on|phone&#8221; locked=&#8221;off&#8221; global_colors_info=&#8221;{}&#8221;]<\/p>\n<h1><strong>SmartMess\u00a0\u00a0<\/strong><\/h1>\n<p>[\/et_pb_text][\/et_pb_column][\/et_pb_row][et_pb_row _builder_version=&#8221;4.19.0&#8243; _module_preset=&#8221;default&#8221; background_color=&#8221;#FED76A&#8221; positioning=&#8221;none&#8221; position_origin_a=&#8221;bottom_center&#8221; z_index=&#8221;99999&#8243; width=&#8221;100%&#8221; max_width=&#8221;100%&#8221; module_alignment=&#8221;center&#8221; custom_margin=&#8221;||||false|false&#8221; custom_padding=&#8221;0px|10%|0px|10%|false|false&#8221; animation_direction=&#8221;bottom&#8221; sticky_position=&#8221;top&#8221; sticky_position_tablet=&#8221;&#8221; sticky_position_phone=&#8221;none&#8221; sticky_position_last_edited=&#8221;on|desktop&#8221; global_colors_info=&#8221;{}&#8221; background__sticky_enabled=&#8221;on|sticky&#8221; background_color__sticky=&#8221;#E7713B&#8221; background_enable_color__sticky=&#8221;on&#8221; custom_padding__sticky_enabled=&#8221;off|desktop&#8221; custom_margin__sticky_enabled=&#8221;off|sticky&#8221; custom_margin__sticky=&#8221;0px||||false|false&#8221;][et_pb_column type=&#8221;4_4&#8243; _builder_version=&#8221;4.19.0&#8243; _module_preset=&#8221;default&#8221; global_colors_info=&#8221;{}&#8221;][et_pb_divimenus_flex menu_button_content=&#8221;text&#8221; menu_button_text=&#8221;SmartMess&#8221; disable_button=&#8221;on&#8221; menu_button_scale=&#8221;off&#8221; menu_button_background_color=&#8221;RGBA(0,0,0,0)&#8221; menu_item_background_color=&#8221;RGBA(0,0,0,0)&#8221; h_gap=&#8221;0px&#8221; menu_button_padding=&#8221;6px|28px|6px|0px|true|false&#8221; menu_item_padding=&#8221;6px|28px|6px|0px|true|false&#8221; direction_tablet=&#8221;&#8221; direction_phone=&#8221;column&#8221; direction_last_edited=&#8221;on|phone&#8221; force_fullwidth_phone=&#8221;on&#8221; force_fullwidth_last_edited=&#8221;off|desktop&#8221; _builder_version=&#8221;4.22.2&#8243; _module_preset=&#8221;default&#8221; menu_button_font=&#8221;|600||on|||||&#8221; menu_button_text_color=&#8221;#000000&#8243; menu_button_font_size=&#8221;18px&#8221; menu_item_font=&#8221;|||on|||||&#8221; menu_item_text_color=&#8221;#000000&#8243; max_width=&#8221;1080px&#8221; module_alignment=&#8221;center&#8221; custom_margin=&#8221;||||false|false&#8221; custom_padding=&#8221;15px||15px||true|false&#8221; global_colors_info=&#8221;{}&#8221; menu_item_text_color__hover_enabled=&#8221;off|desktop&#8221; menu_item_text_color__hover=&#8221;#78C142&#8243; menu_item_text_color__sticky_enabled=&#8221;on|desktop&#8221; menu_item_text_color__sticky=&#8221;#FFFFFF&#8221; menu_button_image__hover_enabled=&#8221;off|desktop&#8221; menu_button_text_color__sticky_enabled=&#8221;on|sticky&#8221; menu_button_text_color__sticky=&#8221;#FFFFFF&#8221; custom_css_main_element__sticky_enabled=&#8221;off|desktop&#8221; custom_padding__sticky_enabled=&#8221;off|sticky&#8221; custom_padding__sticky=&#8221;||15px||false|false&#8221;][et_pb_divimenus_flex_item title=&#8221;\u00dcber das Projekt&#8221; url=&#8221;#ueber-das-lab&#8221; _builder_version=&#8221;4.19.0&#8243; _module_preset=&#8221;default&#8221; transform_translate_linked__hover=&#8221;off&#8221; global_colors_info=&#8221;{}&#8221; item_text_color__hover_enabled=&#8221;off|hover&#8221; item_text_color__sticky_enabled=&#8221;on|desktop&#8221; transform_styles__hover_enabled=&#8221;on|hover&#8221; transform_scale__hover_enabled=&#8221;on|hover&#8221; transform_translate__hover_enabled=&#8221;on|desktop&#8221; transform_rotate__hover_enabled=&#8221;on|desktop&#8221; transform_skew__hover_enabled=&#8221;on|desktop&#8221; transform_origin__hover_enabled=&#8221;on|desktop&#8221; item_text_color__hover=&#8221;#2A86C7&#8243; transform_scale__hover=&#8221;103%|103%&#8221; direction_last_edited=&#8221;on|phone&#8221; direction_tablet=&#8221;&#8221; direction_phone=&#8221;column&#8221; force_fullwidth_last_edited=&#8221;off|desktop&#8221; force_fullwidth_phone=&#8221;on&#8221; direction=&#8221;row&#8221; force_fullwidth=&#8221;off&#8221;][\/et_pb_divimenus_flex_item][et_pb_divimenus_flex_item title=&#8221;Ansprechpartner:innen&#8221; url=&#8221;#ansprechpartner&#8221; _builder_version=&#8221;4.19.0&#8243; _module_preset=&#8221;default&#8221; global_colors_info=&#8221;{}&#8221; transform_styles__hover_enabled=&#8221;on|hover&#8221; transform_scale__hover_enabled=&#8221;on|hover&#8221; transform_translate__hover_enabled=&#8221;on|desktop&#8221; transform_rotate__hover_enabled=&#8221;on|desktop&#8221; transform_skew__hover_enabled=&#8221;on|desktop&#8221; transform_origin__hover_enabled=&#8221;on|desktop&#8221; transform_scale__hover=&#8221;103%|103%&#8221; direction_last_edited=&#8221;on|phone&#8221; direction_tablet=&#8221;&#8221; direction_phone=&#8221;column&#8221; force_fullwidth_last_edited=&#8221;off|desktop&#8221; force_fullwidth_phone=&#8221;on&#8221; direction=&#8221;row&#8221; force_fullwidth=&#8221;off&#8221;][\/et_pb_divimenus_flex_item][\/et_pb_divimenus_flex][\/et_pb_column][\/et_pb_row][\/et_pb_section][et_pb_section fb_built=&#8221;1&#8243; admin_label=&#8221;Sektion&#8221; module_id=&#8221;ueber-das-lab&#8221; _builder_version=&#8221;4.22.2&#8243; use_background_color_gradient=&#8221;on&#8221; background_color_gradient_stops=&#8221;#ffffff 0%|rgba(255,255,255,0.5) 83%&#8221; background_color_gradient_overlays_image=&#8221;on&#8221; background_color_gradient_start=&#8221;#ffffff&#8221; background_color_gradient_end=&#8221;rgba(255,255,255,0.5)&#8221; background_color_gradient_end_position=&#8221;83%&#8221; background_image=&#8221;https:\/\/leistungszentrum-logistik-it.de\/wp-content\/uploads\/2018\/11\/synapsen_60.jpg&#8221; custom_padding=&#8221;54px|0px|65px|0px|false|false&#8221; top_divider_style=&#8221;slant&#8221; top_divider_color=&#8221;#ffffff&#8221; top_divider_height=&#8221;20px&#8221; top_divider_flip=&#8221;horizontal&#8221; bottom_divider_style=&#8221;slant&#8221; bottom_divider_color=&#8221;#2A86C7&#8243; bottom_divider_height=&#8221;22px&#8221; bottom_divider_arrangement=&#8221;above_content&#8221; da_popup_slug=&#8221;ueber-das-lab&#8221; da_disable_devices=&#8221;off|off|off&#8221; global_colors_info=&#8221;{}&#8221; da_is_popup=&#8221;off&#8221; da_exit_intent=&#8221;off&#8221; da_has_close=&#8221;on&#8221; da_alt_close=&#8221;off&#8221; da_dark_close=&#8221;off&#8221; da_not_modal=&#8221;on&#8221; da_is_singular=&#8221;off&#8221; da_with_loader=&#8221;off&#8221; da_has_shadow=&#8221;on&#8221;][et_pb_row _builder_version=&#8221;4.16&#8243; custom_padding=&#8221;0|0px|0|0px|false|false&#8221; global_colors_info=&#8221;{}&#8221;][et_pb_column type=&#8221;4_4&#8243; _builder_version=&#8221;4.16&#8243; custom_padding=&#8221;|||&#8221; global_colors_info=&#8221;{}&#8221; custom_padding__hover=&#8221;|||&#8221;][et_pb_blurb title=&#8221;\u00dcber das Transferprojekt&#8221; image=&#8221;https:\/\/leistungszentrum-logistik-it.de\/wp-content\/uploads\/2018\/11\/logo_lz_als_icon_mittelgrau.png&#8221; icon_placement=&#8221;left&#8221; image_icon_width=&#8221;30px&#8221; content_max_width=&#8221;1100px&#8221; _builder_version=&#8221;4.19.0&#8243; header_font=&#8221;|300||on|||||&#8221; custom_css_blurb_title=&#8221;margin-left:-10px;&#8221; image_max_width=&#8221;30px&#8221; global_colors_info=&#8221;{}&#8221;][\/et_pb_blurb][\/et_pb_column][\/et_pb_row][et_pb_row make_equal=&#8221;on&#8221; _builder_version=&#8221;4.16&#8243; background_color=&#8221;rgba(255,255,255,0)&#8221; custom_margin=&#8221;||2em||false|false&#8221; custom_padding=&#8221;0|0px|0|0px|false|false&#8221; animation_direction=&#8221;bottom&#8221; locked=&#8221;off&#8221; global_colors_info=&#8221;{}&#8221;][et_pb_column type=&#8221;4_4&#8243; _builder_version=&#8221;4.16&#8243; custom_padding=&#8221;|||&#8221; global_colors_info=&#8221;{}&#8221; custom_padding__hover=&#8221;|||&#8221;][et_pb_text _builder_version=&#8221;4.22.2&#8243; text_font=&#8221;||||||||&#8221; text_font_size=&#8221;18px&#8221; text_line_height=&#8221;1.8em&#8221; header_font=&#8221;||||||||&#8221; header_font_size=&#8221;22px&#8221; header_line_height=&#8221;1.2em&#8221; header_2_font=&#8221;||||||||&#8221; header_2_text_align=&#8221;center&#8221; header_2_text_color=&#8221;#2a4163&#8243; header_2_font_size=&#8221;36px&#8221; header_5_font=&#8221;Lato|300|||||||&#8221; header_5_text_align=&#8221;center&#8221; header_5_font_size=&#8221;18px&#8221; header_5_line_height=&#8221;1.7em&#8221; background_color=&#8221;rgba(255,255,255,0)&#8221; custom_margin=&#8221;20px||10px&#8221; animation_style=&#8221;slide&#8221; animation_direction=&#8221;bottom&#8221; animation_intensity_slide=&#8221;5%&#8221; animation_starting_opacity=&#8221;100%&#8221; locked=&#8221;off&#8221; global_colors_info=&#8221;{}&#8221;]<\/p>\n<p>H\u00e4ufig sind Ersatzteile in den bestandf\u00fchrenden IT-Systemen nur rudiment\u00e4r beschrieben. Kommt es zu einer St\u00f6rung, d. h. einem ungeplanten Ausfall einer Maschine oder Anlage, verhindern schlechte oder nicht vorhandene Stammdaten eine effiziente Instandsetzung. Lange Suchzeiten, zahlreiche interne und externe Nachfragen, aufgebauter Druck und kostenintensive Eilbeschaffungen sind die Folge.<\/p>\n<p>Im Projekt SmartMess m\u00f6chten wir den ersten Schritt zur unterst\u00fctzen Ersatzteilerfassung und Stammdatenanlage realisieren. Hierf\u00fcr kombinieren wir den Einsatz eines Klassifikationssystems mit dem Einsatz von optischen 3D RGB-Sensoren.<br \/>Durch den Einsatz von 3D RGB-Sensorik wird ein pr\u00e4zises Modell der Ersatzteile im Lager erstellt. Dies erm\u00f6glicht eine genauere Erfassung der Objekteigenschaften und verbessert die qualitativ hochwertige Anlage der Stammdaten von Ersatzteilen. Durch die Eingrenzung m\u00f6glicher Klassen zur technischen Beschreibung der Ersatzteil wird die Anlage von Stammdaten deutlich unterst\u00fctzt und effizienter gestaltet. Im Ergebnis wird die Stammdatenqualit\u00e4t erh\u00f6ht und die Akzeptanz von parametrischen Klassifikationssystemen verbessert. Dies reduziert Ineffizienzen aufgrund fehlender oder schlechter Stammdaten, wie z.B. Suchzeiten oder Stillstandzeiten aufgrund fehlender Ersatzteile und erm\u00f6glicht eine Planbarkeit in der Instandhaltung.<\/p>\n<p>[\/et_pb_text][\/et_pb_column][\/et_pb_row][et_pb_row make_equal=&#8221;on&#8221; _builder_version=&#8221;4.22.2&#8243; background_color=&#8221;rgba(255,255,255,0)&#8221; custom_padding=&#8221;0|0px|46px|0px|false|false&#8221; global_colors_info=&#8221;{}&#8221;][et_pb_column type=&#8221;4_4&#8243; _builder_version=&#8221;4.22.2&#8243; background_color=&#8221;#E7713B&#8221; custom_padding=&#8221;20px|20px|20px|20px|true|true&#8221; global_colors_info=&#8221;{}&#8221; custom_padding__hover=&#8221;|||&#8221;][et_pb_text _builder_version=&#8221;4.22.2&#8243; text_font=&#8221;||||||||&#8221; text_font_size=&#8221;17px&#8221; text_line_height=&#8221;1.8em&#8221; background_layout=&#8221;dark&#8221; custom_padding=&#8221;1px|||||&#8221; global_colors_info=&#8221;{}&#8221;]<\/p>\n<h3>Dienstleistungen<\/h3>\n<ul>\n<li>\n<p>Ersatzteilerfassung und Stammdatengenerierung<\/p>\n<\/li>\n<li style=\"list-style-type: none;\"><\/li>\n<\/ul>\n<p>[\/et_pb_text][\/et_pb_column][\/et_pb_row][\/et_pb_section][et_pb_section fb_built=&#8221;1&#8243; admin_label=&#8221;Sektion&#8221; module_id=&#8221;ausstattung&#8221; _builder_version=&#8221;4.22.2&#8243; background_color=&#8221;#2A86C7&#8243; custom_padding=&#8221;0|0px|43px|0px|false|false&#8221; bottom_divider_color=&#8221;#f2f2f2&#8243; bottom_divider_height=&#8221;20px&#8221; bottom_divider_flip=&#8221;horizontal&#8221; da_popup_slug=&#8221;ausstattung&#8221; da_disable_devices=&#8221;off|off|off&#8221; locked=&#8221;off&#8221; global_colors_info=&#8221;{}&#8221; da_is_popup=&#8221;off&#8221; da_exit_intent=&#8221;off&#8221; da_has_close=&#8221;on&#8221; da_alt_close=&#8221;off&#8221; da_dark_close=&#8221;off&#8221; da_not_modal=&#8221;on&#8221; da_is_singular=&#8221;off&#8221; da_with_loader=&#8221;off&#8221; da_has_shadow=&#8221;on&#8221;][et_pb_row _builder_version=&#8221;4.16&#8243; custom_padding=&#8221;27px|0px|0|0px|false|false&#8221; global_colors_info=&#8221;{}&#8221;][et_pb_column type=&#8221;4_4&#8243; _builder_version=&#8221;4.16&#8243; custom_padding=&#8221;|||&#8221; global_colors_info=&#8221;{}&#8221; custom_padding__hover=&#8221;|||&#8221;][et_pb_blurb title=&#8221;Zielgruppe&#8221; image=&#8221;https:\/\/leistungszentrum-logistik-it.de\/wp-content\/uploads\/2018\/11\/logo_lz_als_icon_weiss.png&#8221; icon_placement=&#8221;left&#8221; image_icon_width=&#8221;32px&#8221; content_max_width=&#8221;1100px&#8221; _builder_version=&#8221;4.22.2&#8243; header_font=&#8221;|300||on|||||&#8221; background_layout=&#8221;dark&#8221; custom_css_blurb_title=&#8221;margin-left:-10px;&#8221; image_max_width=&#8221;32px&#8221; global_colors_info=&#8221;{}&#8221;][\/et_pb_blurb][\/et_pb_column][\/et_pb_row][et_pb_row _builder_version=&#8221;4.22.2&#8243; _module_preset=&#8221;default&#8221; global_colors_info=&#8221;{}&#8221;][et_pb_column type=&#8221;4_4&#8243; _builder_version=&#8221;4.19.0&#8243; _module_preset=&#8221;default&#8221; global_colors_info=&#8221;{}&#8221;][et_pb_text _builder_version=&#8221;4.22.2&#8243; _module_preset=&#8221;default&#8221; text_text_color=&#8221;#FFFFFF&#8221; text_font_size=&#8221;17px&#8221; custom_padding=&#8221;|||0px||&#8221; hover_enabled=&#8221;0&#8243; global_colors_info=&#8221;{}&#8221; sticky_enabled=&#8221;0&#8243;]<\/p>\n<ul>\n<li>Produzierende Unternehmen<\/li>\n<li>Ersatzteilbevorratende Unternehmen<\/li>\n<\/ul>\n<p>[\/et_pb_text][\/et_pb_column][\/et_pb_row][\/et_pb_section][et_pb_section fb_built=&#8221;1&#8243; prev_background_color=&#8221;#2A86C7&#8243; next_background_color=&#8221;#2a4163&#8243; admin_label=&#8221;Sektion&#8221; module_id=&#8221;ansprechpartner&#8221; _builder_version=&#8221;4.16&#8243; background_color=&#8221;#f2f2f2&#8243; use_background_color_gradient=&#8221;on&#8221; background_color_gradient_stops=&#8221;rgba(255,255,255,0.34) 0%|rgba(255,255,255,0.36) 100%&#8221; background_color_gradient_overlays_image=&#8221;on&#8221; background_color_gradient_start=&#8221;rgba(255,255,255,0.34)&#8221; background_color_gradient_end=&#8221;rgba(255,255,255,0.36)&#8221; background_image=&#8221;https:\/\/leistungszentrum-logistik-it.de\/wp-content\/uploads\/2018\/11\/kontakt_background_grau_transparent.jpg&#8221; custom_padding=&#8221;54px|0px|4px|0px|false|false&#8221; top_divider_style=&#8221;slant&#8221; top_divider_height=&#8221;10px&#8221; top_divider_flip=&#8221;horizontal&#8221; bottom_divider_style=&#8221;slant&#8221; bottom_divider_height=&#8221;40px&#8221; da_popup_slug=&#8221;ansprechpartner&#8221; da_disable_devices=&#8221;off|off|off&#8221; locked=&#8221;off&#8221; global_colors_info=&#8221;{}&#8221; da_is_popup=&#8221;off&#8221; da_exit_intent=&#8221;off&#8221; da_has_close=&#8221;on&#8221; da_alt_close=&#8221;off&#8221; da_dark_close=&#8221;off&#8221; da_not_modal=&#8221;on&#8221; da_is_singular=&#8221;off&#8221; da_with_loader=&#8221;off&#8221; da_has_shadow=&#8221;on&#8221;][et_pb_row _builder_version=&#8221;4.16&#8243; custom_padding=&#8221;0|0px|0|0px|false|false&#8221; locked=&#8221;off&#8221; global_colors_info=&#8221;{}&#8221;][et_pb_column type=&#8221;4_4&#8243; _builder_version=&#8221;4.16&#8243; custom_padding=&#8221;|||&#8221; global_colors_info=&#8221;{}&#8221; custom_padding__hover=&#8221;|||&#8221;][et_pb_blurb title=&#8221;Ansprechpartner:Innen&#8221; image=&#8221;https:\/\/leistungszentrum-logistik-it.de\/wp-content\/uploads\/2018\/11\/logo_lz_als_icon_mittelgrau.png&#8221; icon_placement=&#8221;left&#8221; image_icon_width=&#8221;30px&#8221; content_max_width=&#8221;1100px&#8221; _builder_version=&#8221;4.16&#8243; header_font=&#8221;|300||on|||||&#8221; custom_css_blurb_title=&#8221;margin-left:-10px;&#8221; image_max_width=&#8221;30px&#8221; global_colors_info=&#8221;{}&#8221;][\/et_pb_blurb][\/et_pb_column][\/et_pb_row][et_pb_row column_structure=&#8221;1_4,1_4,1_4,1_4&#8243; make_equal=&#8221;on&#8221; _builder_version=&#8221;4.16&#8243; background_color=&#8221;rgba(255,255,255,0)&#8221; custom_padding=&#8221;0|0px|46px|0px|false|false&#8221; locked=&#8221;off&#8221; global_colors_info=&#8221;{}&#8221;][et_pb_column type=&#8221;1_4&#8243; _builder_version=&#8221;4.16&#8243; background_enable_color=&#8221;off&#8221; custom_padding=&#8221;20px|20px|20px|20px|true|true&#8221; global_colors_info=&#8221;{}&#8221; custom_padding__hover=&#8221;|||&#8221;][et_pb_blurb image=&#8221;https:\/\/leistungszentrum-logistik-it.de\/wp-content\/uploads\/2024\/05\/dominik-buss-e1717491790535.jpg&#8221; alt=&#8221;dominik buss&#8221; image_icon_width=&#8221;90px&#8221; content_max_width=&#8221;100%&#8221; _builder_version=&#8221;4.22.2&#8243; _module_preset=&#8221;default&#8221; body_text_align=&#8221;center&#8221; body_font_size=&#8221;16px&#8221; hover_enabled=&#8221;0&#8243; custom_css_blurb_image=&#8221;margin-bottom: 0.5em;&#8221; border_radii_image=&#8221;on|50%|50%|50%|50%&#8221; image_max_width=&#8221;90px&#8221; global_colors_info=&#8221;{}&#8221; sticky_enabled=&#8221;0&#8243; title_text=&#8221;dominik buss&#8221;]<\/p>\n<p><strong><span class=\"TextRun  BCX8 SCXP233853968\" lang=\"DE-DE\" xml:lang=\"DE-DE\" data-usefontface=\"true\" data-contrast=\"none\"><span class=\"NormalTextRun  BCX8 SCXP233853968\">Dominik Bu\u00df<\/span><\/span><br \/><\/strong><span class=\"mailto\"><a href=\"mailto:dominik.buss@iml.fraunhofer.de\">E-Mail<\/a><\/span><\/p>\n<p>[\/et_pb_blurb][\/et_pb_column][et_pb_column type=&#8221;1_4&#8243; _builder_version=&#8221;4.16&#8243; background_enable_color=&#8221;off&#8221; custom_padding=&#8221;20px|20px|20px|20px|true|true&#8221; global_colors_info=&#8221;{}&#8221; custom_padding__hover=&#8221;|||&#8221;][\/et_pb_column][et_pb_column type=&#8221;1_4&#8243; _builder_version=&#8221;4.16&#8243; background_enable_color=&#8221;off&#8221; custom_padding=&#8221;20px|20px|20px|20px|true|true&#8221; global_colors_info=&#8221;{}&#8221; custom_padding__hover=&#8221;|||&#8221;][\/et_pb_column][et_pb_column type=&#8221;1_4&#8243; _builder_version=&#8221;4.16&#8243; background_enable_color=&#8221;off&#8221; custom_padding=&#8221;20px|20px|20px|20px|true|true&#8221; global_colors_info=&#8221;{}&#8221; custom_padding__hover=&#8221;|||&#8221;][\/et_pb_column][\/et_pb_row][\/et_pb_section]<\/p>\n","protected":false},"excerpt":{"rendered":"<p>SmartMess\u00a0\u00a0H\u00e4ufig sind Ersatzteile in den bestandf\u00fchrenden IT-Systemen nur rudiment\u00e4r beschrieben. Kommt es zu einer St\u00f6rung, d. h. einem ungeplanten Ausfall einer Maschine oder Anlage, verhindern schlechte oder nicht vorhandene Stammdaten eine effiziente Instandsetzung. Lange Suchzeiten, zahlreiche interne und externe Nachfragen, aufgebauter Druck und kostenintensive Eilbeschaffungen sind die Folge. Im Projekt SmartMess m\u00f6chten wir den ersten [&hellip;]<\/p>\n","protected":false},"author":12,"featured_media":0,"parent":0,"menu_order":0,"comment_status":"closed","ping_status":"closed","template":"","meta":{"_acf_changed":false,"_et_pb_use_builder":"on","_et_pb_old_content":"","_et_gb_content_width":"","footnotes":""},"class_list":["post-12749","page","type-page","status-publish","hentry"],"acf":[],"_links":{"self":[{"href":"https:\/\/leistungszentrum-logistik-it.de\/en\/wp-json\/wp\/v2\/pages\/12749","targetHints":{"allow":["GET"]}}],"collection":[{"href":"https:\/\/leistungszentrum-logistik-it.de\/en\/wp-json\/wp\/v2\/pages"}],"about":[{"href":"https:\/\/leistungszentrum-logistik-it.de\/en\/wp-json\/wp\/v2\/types\/page"}],"author":[{"embeddable":true,"href":"https:\/\/leistungszentrum-logistik-it.de\/en\/wp-json\/wp\/v2\/users\/12"}],"replies":[{"embeddable":true,"href":"https:\/\/leistungszentrum-logistik-it.de\/en\/wp-json\/wp\/v2\/comments?post=12749"}],"version-history":[{"count":5,"href":"https:\/\/leistungszentrum-logistik-it.de\/en\/wp-json\/wp\/v2\/pages\/12749\/revisions"}],"predecessor-version":[{"id":12805,"href":"https:\/\/leistungszentrum-logistik-it.de\/en\/wp-json\/wp\/v2\/pages\/12749\/revisions\/12805"}],"wp:attachment":[{"href":"https:\/\/leistungszentrum-logistik-it.de\/en\/wp-json\/wp\/v2\/media?parent=12749"}],"curies":[{"name":"wp","href":"https:\/\/api.w.org\/{rel}","templated":true}]}}